{"id":1234,"date":"2025-08-04T11:32:24","date_gmt":"2025-08-04T09:32:24","guid":{"rendered":"https:\/\/selena.eu\/?page_id=1234"},"modified":"2025-08-04T14:14:54","modified_gmt":"2025-08-04T12:14:54","slug":"nasze-marki","status":"publish","type":"page","link":"https:\/\/selena.eu\/en\/nasze-marki\/","title":{"rendered":"nasze marki"},"content":{"rendered":"<div data-elementor-type=\"wp-page\" data-elementor-id=\"1234\" class=\"elementor elementor-1234\" data-elementor-post-type=\"page\">\n\t\t\t\t<div class=\"elementor-element elementor-element-da346e9 e-flex e-con-boxed e-con e-parent\" data-id=\"da346e9\" data-element_type=\"container\">\n\t\t\t\t\t<div class=\"e-con-inner\">\n\t\t<div class=\"elementor-element elementor-element-e1c11dd e-con-full e-flex e-con e-child\" data-id=\"e1c11dd\" data-element_type=\"container\">\n\t\t\t\t<div class=\"elementor-element elementor-element-80dc059 elementor-widget elementor-widget-image\" data-id=\"80dc059\" data-element_type=\"widget\" data-widget_type=\"image.default\">\n\t\t\t\t\t\t\t\t\t\t\t\t\t\t\t<img fetchpriority=\"high\" decoding=\"async\" width=\"800\" height=\"800\" src=\"https:\/\/selena.eu\/wp-content\/uploads\/2025\/08\/bg1-1024x1024.webp\" class=\"attachment-large size-large wp-image-1294\" alt=\"\" srcset=\"https:\/\/selena.eu\/wp-content\/uploads\/2025\/08\/bg1-1024x1024.webp 1024w, https:\/\/selena.eu\/wp-content\/uploads\/2025\/08\/bg1-300x300.webp 300w, https:\/\/selena.eu\/wp-content\/uploads\/2025\/08\/bg1-150x150.webp 150w, https:\/\/selena.eu\/wp-content\/uploads\/2025\/08\/bg1-768x768.webp 768w, https:\/\/selena.eu\/wp-content\/uploads\/2025\/08\/bg1-12x12.webp 12w, https:\/\/selena.eu\/wp-content\/uploads\/2025\/08\/bg1.webp 1500w\" sizes=\"(max-width: 800px) 100vw, 800px\" \/>\t\t\t\t\t\t\t\t\t\t\t\t\t\t\t<\/div>\n\t\t\t\t<\/div>\n\t\t<div class=\"elementor-element elementor-element-432c3cf e-con-full e-flex e-con e-child\" data-id=\"432c3cf\" data-element_type=\"container\">\n\t\t\t\t<div class=\"elementor-element elementor-element-50f6e58 elementor-widget elementor-widget-image\" data-id=\"50f6e58\" data-element_type=\"widget\" data-widget_type=\"image.default\">\n\t\t\t\t\t\t\t\t\t\t\t\t\t\t\t<img decoding=\"async\" width=\"800\" height=\"160\" src=\"https:\/\/selena.eu\/wp-content\/uploads\/2025\/08\/logo-selena-hi.webp\" class=\"attachment-large size-large wp-image-1270\" alt=\"\" srcset=\"https:\/\/selena.eu\/wp-content\/uploads\/2025\/08\/logo-selena-hi.webp 828w, https:\/\/selena.eu\/wp-content\/uploads\/2025\/08\/logo-selena-hi-300x60.webp 300w, https:\/\/selena.eu\/wp-content\/uploads\/2025\/08\/logo-selena-hi-768x154.webp 768w, https:\/\/selena.eu\/wp-content\/uploads\/2025\/08\/logo-selena-hi-18x4.webp 18w\" sizes=\"(max-width: 800px) 100vw, 800px\" \/>\t\t\t\t\t\t\t\t\t\t\t\t\t\t\t<\/div>\n\t\t\t\t<div class=\"elementor-element elementor-element-b92cb1e elementor-widget elementor-widget-text-editor\" data-id=\"b92cb1e\" data-element_type=\"widget\" data-widget_type=\"text-editor.default\">\n\t\t\t\t\t\t\t\t\t<p><strong data-start=\"44\" data-end=\"83\">Selena Technika \u015awietlna Sp. z o.o.<\/strong> to polski producent opraw o\u015bwietleniowych z ponad 30-letnim do\u015bwiadczeniem na rynku. Specjalizujemy si\u0119 w projektowaniu i produkcji opraw awaryjnych, ewakuacyjnych, og\u00f3lnych oraz zespolonych (\u0142\u0105cz\u0105cych funkcj\u0119 o\u015bwietlenia og\u00f3lnego z obwodem awaryjnym). Nasze rozwi\u0105zania s\u0105 wykorzystywane w obiektach komercyjnych, przemys\u0142owych i u\u017cyteczno\u015bci publicznej w Polsce, jak r\u00f3wnie\u017c w\u00a0 Europie.<\/p>\t\t\t\t\t\t\t\t<\/div>\n\t\t\t\t<\/div>\n\t\t\t\t\t<\/div>\n\t\t\t\t<\/div>\n\t\t<div class=\"elementor-element elementor-element-a60c9b0 e-flex e-con-boxed e-con e-parent\" data-id=\"a60c9b0\" data-element_type=\"container\">\n\t\t\t\t\t<div class=\"e-con-inner\">\n\t\t<div class=\"elementor-element elementor-element-aeebeab e-con-full e-flex e-con e-child\" data-id=\"aeebeab\" data-element_type=\"container\">\n\t\t\t\t<div class=\"elementor-element elementor-element-11e01e4 elementor-widget elementor-widget-image\" data-id=\"11e01e4\" data-element_type=\"widget\" data-widget_type=\"image.default\">\n\t\t\t\t\t\t\t\t\t\t\t\t\t\t\t<img decoding=\"async\" width=\"800\" height=\"133\" src=\"https:\/\/selena.eu\/wp-content\/uploads\/2025\/08\/logo-illumic-hi.webp\" class=\"attachment-large size-large wp-image-1266\" alt=\"\" srcset=\"https:\/\/selena.eu\/wp-content\/uploads\/2025\/08\/logo-illumic-hi.webp 828w, https:\/\/selena.eu\/wp-content\/uploads\/2025\/08\/logo-illumic-hi-300x50.webp 300w, https:\/\/selena.eu\/wp-content\/uploads\/2025\/08\/logo-illumic-hi-768x128.webp 768w, https:\/\/selena.eu\/wp-content\/uploads\/2025\/08\/logo-illumic-hi-18x3.webp 18w\" sizes=\"(max-width: 800px) 100vw, 800px\" \/>\t\t\t\t\t\t\t\t\t\t\t\t\t\t\t<\/div>\n\t\t\t\t<div class=\"elementor-element elementor-element-636ffbb elementor-widget elementor-widget-text-editor\" data-id=\"636ffbb\" data-element_type=\"widget\" data-widget_type=\"text-editor.default\">\n\t\t\t\t\t\t\t\t\t<p><strong data-start=\"103\" data-end=\"118\">Illumic<\/strong> to marka nowoczesnego o\u015bwietlenia awaryjnego i ewakuacyjnego, \u0142\u0105cz\u0105ca funkcjonalno\u015b\u0107 z minimalistycznym wzornictwem. W ofercie znajduj\u0105 si\u0119 oprawy LED przeznaczone do zastosowa\u0144 profesjonalnych \u2013 od biur, przez obiekty u\u017cyteczno\u015bci publicznej, po przemys\u0142. Marka powsta\u0142a w ramach grupy <strong data-start=\"406\" data-end=\"434\">Selena Technika \u015awietlna<\/strong>, kt\u00f3ra od ponad 30 lat tworzy niezawodne rozwi\u0105zania o\u015bwietleniowe w Polsce i Europie.<\/p>\t\t\t\t\t\t\t\t<\/div>\n\t\t\t\t<div class=\"elementor-element elementor-element-729ea84 elementor-widget elementor-widget-button\" data-id=\"729ea84\" data-element_type=\"widget\" data-widget_type=\"button.default\">\n\t\t\t\t\t\t\t\t\t\t<a class=\"elementor-button elementor-button-link elementor-size-sm\" href=\"http:\/\/www.illumic.com\">\n\t\t\t\t\t\t<span class=\"elementor-button-content-wrapper\">\n\t\t\t\t\t\t\t\t\t<span class=\"elementor-button-text\">illumic.com<\/span>\n\t\t\t\t\t<\/span>\n\t\t\t\t\t<\/a>\n\t\t\t\t\t\t\t\t<\/div>\n\t\t\t\t<\/div>\n\t\t<div class=\"elementor-element elementor-element-6ac9f2a e-con-full e-flex e-con e-child\" data-id=\"6ac9f2a\" data-element_type=\"container\">\n\t\t\t\t<div class=\"elementor-element elementor-element-9929caa elementor-widget elementor-widget-image\" data-id=\"9929caa\" data-element_type=\"widget\" data-widget_type=\"image.default\">\n\t\t\t\t\t\t\t\t\t\t\t\t\t\t\t<img loading=\"lazy\" decoding=\"async\" width=\"800\" height=\"800\" src=\"https:\/\/selena.eu\/wp-content\/uploads\/2025\/08\/bg2-1024x1024.webp\" class=\"attachment-large size-large wp-image-1295\" alt=\"\" srcset=\"https:\/\/selena.eu\/wp-content\/uploads\/2025\/08\/bg2-1024x1024.webp 1024w, https:\/\/selena.eu\/wp-content\/uploads\/2025\/08\/bg2-300x300.webp 300w, https:\/\/selena.eu\/wp-content\/uploads\/2025\/08\/bg2-150x150.webp 150w, https:\/\/selena.eu\/wp-content\/uploads\/2025\/08\/bg2-768x768.webp 768w, https:\/\/selena.eu\/wp-content\/uploads\/2025\/08\/bg2-12x12.webp 12w, https:\/\/selena.eu\/wp-content\/uploads\/2025\/08\/bg2.webp 1500w\" sizes=\"(max-width: 800px) 100vw, 800px\" \/>\t\t\t\t\t\t\t\t\t\t\t\t\t\t\t<\/div>\n\t\t\t\t<\/div>\n\t\t\t\t\t<\/div>\n\t\t\t\t<\/div>\n\t\t<div class=\"elementor-element elementor-element-34e79f0 e-flex e-con-boxed e-con e-parent\" data-id=\"34e79f0\" data-element_type=\"container\">\n\t\t\t\t\t<div class=\"e-con-inner\">\n\t\t<div class=\"elementor-element elementor-element-d918254 e-con-full e-flex e-con e-child\" data-id=\"d918254\" data-element_type=\"container\">\n\t\t\t\t<div class=\"elementor-element elementor-element-1404e3f elementor-widget elementor-widget-image\" data-id=\"1404e3f\" data-element_type=\"widget\" data-widget_type=\"image.default\">\n\t\t\t\t\t\t\t\t\t\t\t\t\t\t\t<img loading=\"lazy\" decoding=\"async\" width=\"800\" height=\"800\" src=\"https:\/\/selena.eu\/wp-content\/uploads\/2025\/08\/bg3-1024x1024.webp\" class=\"attachment-large size-large wp-image-1296\" alt=\"\" srcset=\"https:\/\/selena.eu\/wp-content\/uploads\/2025\/08\/bg3-1024x1024.webp 1024w, https:\/\/selena.eu\/wp-content\/uploads\/2025\/08\/bg3-300x300.webp 300w, https:\/\/selena.eu\/wp-content\/uploads\/2025\/08\/bg3-150x150.webp 150w, https:\/\/selena.eu\/wp-content\/uploads\/2025\/08\/bg3-768x768.webp 768w, https:\/\/selena.eu\/wp-content\/uploads\/2025\/08\/bg3-12x12.webp 12w, https:\/\/selena.eu\/wp-content\/uploads\/2025\/08\/bg3.webp 1500w\" sizes=\"(max-width: 800px) 100vw, 800px\" \/>\t\t\t\t\t\t\t\t\t\t\t\t\t\t\t<\/div>\n\t\t\t\t<\/div>\n\t\t<div class=\"elementor-element elementor-element-666b5b5 e-con-full e-flex e-con e-child\" data-id=\"666b5b5\" data-element_type=\"container\">\n\t\t\t\t<div class=\"elementor-element elementor-element-63be5c2 elementor-widget elementor-widget-image\" data-id=\"63be5c2\" data-element_type=\"widget\" data-widget_type=\"image.default\">\n\t\t\t\t\t\t\t\t\t\t\t\t\t\t\t<img loading=\"lazy\" decoding=\"async\" width=\"309\" height=\"309\" src=\"https:\/\/selena.eu\/wp-content\/uploads\/2025\/08\/logo-seled-hi.webp\" class=\"attachment-large size-large wp-image-1269\" alt=\"\" srcset=\"https:\/\/selena.eu\/wp-content\/uploads\/2025\/08\/logo-seled-hi.webp 309w, https:\/\/selena.eu\/wp-content\/uploads\/2025\/08\/logo-seled-hi-300x300.webp 300w, https:\/\/selena.eu\/wp-content\/uploads\/2025\/08\/logo-seled-hi-150x150.webp 150w, https:\/\/selena.eu\/wp-content\/uploads\/2025\/08\/logo-seled-hi-12x12.webp 12w\" sizes=\"(max-width: 309px) 100vw, 309px\" \/>\t\t\t\t\t\t\t\t\t\t\t\t\t\t\t<\/div>\n\t\t\t\t<div class=\"elementor-element elementor-element-81f4c90 elementor-widget elementor-widget-text-editor\" data-id=\"81f4c90\" data-element_type=\"widget\" data-widget_type=\"text-editor.default\">\n\t\t\t\t\t\t\t\t\t<p><strong>SE-LED<\/strong> oferuje nowoczesne modu\u0142y LED, zasilacze i systemy nadzoru do opraw o\u015bwietleniowych. Dostarcza kompleksowe rozwi\u0105zania modu\u0142owe dla producent\u00f3w o\u015bwietlenia \u2013 od standardowych modu\u0142\u00f3w liniowych po zaawansowane systemy z niezale\u017cnymi obwodami i integracj\u0105 awaryjn\u0105.<\/p>\t\t\t\t\t\t\t\t<\/div>\n\t\t\t\t<div class=\"elementor-element elementor-element-32c1e34 elementor-widget elementor-widget-button\" data-id=\"32c1e34\" data-element_type=\"widget\" data-widget_type=\"button.default\">\n\t\t\t\t\t\t\t\t\t\t<a class=\"elementor-button elementor-button-link elementor-size-sm\" href=\"http:\/\/www.se-led.eu\">\n\t\t\t\t\t\t<span class=\"elementor-button-content-wrapper\">\n\t\t\t\t\t\t\t\t\t<span class=\"elementor-button-text\">se-led.eu<\/span>\n\t\t\t\t\t<\/span>\n\t\t\t\t\t<\/a>\n\t\t\t\t\t\t\t\t<\/div>\n\t\t\t\t<\/div>\n\t\t\t\t\t<\/div>\n\t\t\t\t<\/div>\n\t\t<div class=\"elementor-element elementor-element-4195ad8 e-flex e-con-boxed e-con e-parent\" data-id=\"4195ad8\" data-element_type=\"container\">\n\t\t\t\t\t<div class=\"e-con-inner\">\n\t\t<div class=\"elementor-element elementor-element-09f81fd e-con-full e-flex e-con e-child\" data-id=\"09f81fd\" data-element_type=\"container\">\n\t\t\t\t<div class=\"elementor-element elementor-element-4d948a3 elementor-widget elementor-widget-image\" data-id=\"4d948a3\" data-element_type=\"widget\" data-widget_type=\"image.default\">\n\t\t\t\t\t\t\t\t\t\t\t\t\t\t\t<img loading=\"lazy\" decoding=\"async\" width=\"800\" height=\"138\" src=\"https:\/\/selena.eu\/wp-content\/uploads\/2025\/08\/logo-liteberg-hi.webp\" class=\"attachment-large size-large wp-image-1299\" alt=\"\" srcset=\"https:\/\/selena.eu\/wp-content\/uploads\/2025\/08\/logo-liteberg-hi.webp 828w, https:\/\/selena.eu\/wp-content\/uploads\/2025\/08\/logo-liteberg-hi-300x52.webp 300w, https:\/\/selena.eu\/wp-content\/uploads\/2025\/08\/logo-liteberg-hi-768x133.webp 768w, https:\/\/selena.eu\/wp-content\/uploads\/2025\/08\/logo-liteberg-hi-18x3.webp 18w\" sizes=\"(max-width: 800px) 100vw, 800px\" \/>\t\t\t\t\t\t\t\t\t\t\t\t\t\t\t<\/div>\n\t\t\t\t<div class=\"elementor-element elementor-element-042b0a8 elementor-widget elementor-widget-text-editor\" data-id=\"042b0a8\" data-element_type=\"widget\" data-widget_type=\"text-editor.default\">\n\t\t\t\t\t\t\t\t\t<p><strong data-start=\"44\" data-end=\"56\">Liteberg<\/strong> oferuje wsparcie w produkcji przemys\u0142owej z naciskiem na <strong data-start=\"125\" data-end=\"173\">kompleksow\u0105 obr\u00f3bk\u0119 metalow\u0105 i elektroniczn\u0105<\/strong>. Zapewnia rozwi\u0105zania dla przemys\u0142u \u2013 takie jak ci\u0119cie laserowe, gi\u0119cie blach, przetwarzanie tworzyw sztucznych, projektowanie detali i elektroniki czy pow\u0142oki powierzchniowe (np. malowanie proszkowe). Liteberg k\u0142adzie szczeg\u00f3lny nacisk na <strong data-start=\"420\" data-end=\"482\">jako\u015b\u0107, szeroki wyb\u00f3r us\u0142ug i indywidualn\u0105 obs\u0142ug\u0119 klienta.<\/strong><\/p>\t\t\t\t\t\t\t\t<\/div>\n\t\t\t\t<div class=\"elementor-element elementor-element-8b3dc4e elementor-widget elementor-widget-button\" data-id=\"8b3dc4e\" data-element_type=\"widget\" data-widget_type=\"button.default\">\n\t\t\t\t\t\t\t\t\t\t<a class=\"elementor-button elementor-button-link elementor-size-sm\" href=\"http:\/\/www.liteberg.com\">\n\t\t\t\t\t\t<span class=\"elementor-button-content-wrapper\">\n\t\t\t\t\t\t\t\t\t<span class=\"elementor-button-text\">liteberg.com<\/span>\n\t\t\t\t\t<\/span>\n\t\t\t\t\t<\/a>\n\t\t\t\t\t\t\t\t<\/div>\n\t\t\t\t<\/div>\n\t\t<div class=\"elementor-element elementor-element-b8500d5 e-con-full e-flex e-con e-child\" data-id=\"b8500d5\" data-element_type=\"container\">\n\t\t\t\t<div class=\"elementor-element elementor-element-5fe5274 elementor-widget elementor-widget-image\" data-id=\"5fe5274\" data-element_type=\"widget\" data-widget_type=\"image.default\">\n\t\t\t\t\t\t\t\t\t\t\t\t\t\t\t<img loading=\"lazy\" decoding=\"async\" width=\"800\" height=\"800\" src=\"https:\/\/selena.eu\/wp-content\/uploads\/2025\/08\/bg4-1024x1024.webp\" class=\"attachment-large size-large wp-image-1297\" alt=\"\" srcset=\"https:\/\/selena.eu\/wp-content\/uploads\/2025\/08\/bg4-1024x1024.webp 1024w, https:\/\/selena.eu\/wp-content\/uploads\/2025\/08\/bg4-300x300.webp 300w, https:\/\/selena.eu\/wp-content\/uploads\/2025\/08\/bg4-150x150.webp 150w, https:\/\/selena.eu\/wp-content\/uploads\/2025\/08\/bg4-768x768.webp 768w, https:\/\/selena.eu\/wp-content\/uploads\/2025\/08\/bg4-12x12.webp 12w, https:\/\/selena.eu\/wp-content\/uploads\/2025\/08\/bg4.webp 1500w\" sizes=\"(max-width: 800px) 100vw, 800px\" \/>\t\t\t\t\t\t\t\t\t\t\t\t\t\t\t<\/div>\n\t\t\t\t<\/div>\n\t\t\t\t\t<\/div>\n\t\t\t\t<\/div>\n\t\t<div class=\"elementor-element elementor-element-7b41bf8 elementor-hidden-desktop elementor-hidden-tablet elementor-hidden-mobile e-flex e-con-boxed e-con e-parent\" data-id=\"7b41bf8\" data-element_type=\"container\">\n\t\t\t\t\t<div class=\"e-con-inner\">\n\t\t<div class=\"elementor-element elementor-element-cbeb8ba e-con-full e-flex e-con e-child\" data-id=\"cbeb8ba\" data-element_type=\"container\">\n\t\t\t\t<div class=\"elementor-element elementor-element-d86e2ae elementor-widget elementor-widget-image\" data-id=\"d86e2ae\" data-element_type=\"widget\" data-widget_type=\"image.default\">\n\t\t\t\t\t\t\t\t\t\t\t\t\t\t\t<img decoding=\"async\" src=\"https:\/\/selena.eu\/wp-content\/plugins\/elementor\/assets\/images\/placeholder.png\" title=\"\" alt=\"\" loading=\"lazy\" \/>\t\t\t\t\t\t\t\t\t\t\t\t\t\t\t<\/div>\n\t\t\t\t<\/div>\n\t\t<div class=\"elementor-element elementor-element-9ca0bc9 e-con-full e-flex e-con e-child\" data-id=\"9ca0bc9\" data-element_type=\"container\">\n\t\t\t\t<div class=\"elementor-element elementor-element-7b3a273 elementor-widget elementor-widget-image\" data-id=\"7b3a273\" data-element_type=\"widget\" data-widget_type=\"image.default\">\n\t\t\t\t\t\t\t\t\t\t\t\t\t\t\t<img loading=\"lazy\" decoding=\"async\" width=\"800\" height=\"111\" src=\"https:\/\/selena.eu\/wp-content\/uploads\/2025\/08\/logo-ledsaver-hi.webp\" class=\"attachment-large size-large wp-image-1267\" alt=\"\" srcset=\"https:\/\/selena.eu\/wp-content\/uploads\/2025\/08\/logo-ledsaver-hi.webp 828w, https:\/\/selena.eu\/wp-content\/uploads\/2025\/08\/logo-ledsaver-hi-300x42.webp 300w, https:\/\/selena.eu\/wp-content\/uploads\/2025\/08\/logo-ledsaver-hi-768x107.webp 768w, https:\/\/selena.eu\/wp-content\/uploads\/2025\/08\/logo-ledsaver-hi-18x3.webp 18w\" sizes=\"(max-width: 800px) 100vw, 800px\" \/>\t\t\t\t\t\t\t\t\t\t\t\t\t\t\t<\/div>\n\t\t\t\t<div class=\"elementor-element elementor-element-664fdf0 elementor-widget elementor-widget-text-editor\" data-id=\"664fdf0\" data-element_type=\"widget\" data-widget_type=\"text-editor.default\">\n\t\t\t\t\t\t\t\t\t<p>Lorem ipsum dolor sit amet, consectetur adipiscing elit. Ut elit tellus, luctus nec ullamcorper mattis, pulvinar dapibus leo.<\/p>\t\t\t\t\t\t\t\t<\/div>\n\t\t\t\t<\/div>\n\t\t\t\t\t<\/div>\n\t\t\t\t<\/div>\n\t\t<div class=\"elementor-element elementor-element-02901f0 elementor-hidden-desktop elementor-hidden-tablet elementor-hidden-mobile e-flex e-con-boxed e-con e-parent\" data-id=\"02901f0\" data-element_type=\"container\">\n\t\t\t\t\t<div class=\"e-con-inner\">\n\t\t<div class=\"elementor-element elementor-element-2fedda4 e-con-full e-flex e-con e-child\" data-id=\"2fedda4\" data-element_type=\"container\">\n\t\t\t\t<div class=\"elementor-element elementor-element-be1abb2 elementor-widget elementor-widget-image\" data-id=\"be1abb2\" data-element_type=\"widget\" data-widget_type=\"image.default\">\n\t\t\t\t\t\t\t\t\t\t\t\t\t\t\t<img loading=\"lazy\" decoding=\"async\" width=\"800\" height=\"160\" src=\"https:\/\/selena.eu\/wp-content\/uploads\/2025\/08\/logo-lightlab-hi.webp\" class=\"attachment-large size-large wp-image-1268\" alt=\"\" srcset=\"https:\/\/selena.eu\/wp-content\/uploads\/2025\/08\/logo-lightlab-hi.webp 828w, https:\/\/selena.eu\/wp-content\/uploads\/2025\/08\/logo-lightlab-hi-300x60.webp 300w, https:\/\/selena.eu\/wp-content\/uploads\/2025\/08\/logo-lightlab-hi-768x154.webp 768w, https:\/\/selena.eu\/wp-content\/uploads\/2025\/08\/logo-lightlab-hi-18x4.webp 18w\" sizes=\"(max-width: 800px) 100vw, 800px\" \/>\t\t\t\t\t\t\t\t\t\t\t\t\t\t\t<\/div>\n\t\t\t\t<div class=\"elementor-element elementor-element-ce9440b elementor-widget elementor-widget-text-editor\" data-id=\"ce9440b\" data-element_type=\"widget\" data-widget_type=\"text-editor.default\">\n\t\t\t\t\t\t\t\t\t<p>Lorem ipsum dolor sit amet, consectetur adipiscing elit. Ut elit tellus, luctus nec ullamcorper mattis, pulvinar dapibus leo.<\/p>\t\t\t\t\t\t\t\t<\/div>\n\t\t\t\t<\/div>\n\t\t<div class=\"elementor-element elementor-element-fa88311 e-con-full e-flex e-con e-child\" data-id=\"fa88311\" data-element_type=\"container\">\n\t\t\t\t<div class=\"elementor-element elementor-element-584a50d elementor-widget elementor-widget-image\" data-id=\"584a50d\" data-element_type=\"widget\" data-widget_type=\"image.default\">\n\t\t\t\t\t\t\t\t\t\t\t\t\t\t\t<img decoding=\"async\" src=\"https:\/\/selena.eu\/wp-content\/plugins\/elementor\/assets\/images\/placeholder.png\" title=\"\" alt=\"\" loading=\"lazy\" \/>\t\t\t\t\t\t\t\t\t\t\t\t\t\t\t<\/div>\n\t\t\t\t<\/div>\n\t\t\t\t\t<\/div>\n\t\t\t\t<\/div>\n\t\t\t\t<\/div>","protected":false},"excerpt":{"rendered":"<p>Selena Technika \u015awietlna Sp. z o.o. to polski producent opraw o\u015bwietleniowych z ponad 30-letnim do\u015bwiadczeniem na rynku. Specjalizujemy si\u0119 w projektowaniu i produkcji opraw awaryjnych, ewakuacyjnych, og\u00f3lnych oraz zespolonych (\u0142\u0105cz\u0105cych funkcj\u0119 o\u015bwietlenia og\u00f3lnego z obwodem awaryjnym). Nasze rozwi\u0105zania s\u0105 wykorzystywane w obiektach komercyjnych, przemys\u0142owych i u\u017cyteczno\u015bci publicznej w Polsce, jak r\u00f3wnie\u017c w\u00a0 Europie. Illumic to [&hellip;]<\/p>","protected":false},"author":1,"featured_media":0,"parent":0,"menu_order":0,"comment_status":"closed","ping_status":"closed","template":"","meta":{"_acf_changed":false,"footnotes":""},"class_list":["post-1234","page","type-page","status-publish","hentry"],"acf":[],"_links":{"self":[{"href":"https:\/\/selena.eu\/en\/wp-json\/wp\/v2\/pages\/1234","targetHints":{"allow":["GET"]}}],"collection":[{"href":"https:\/\/selena.eu\/en\/wp-json\/wp\/v2\/pages"}],"about":[{"href":"https:\/\/selena.eu\/en\/wp-json\/wp\/v2\/types\/page"}],"author":[{"embeddable":true,"href":"https:\/\/selena.eu\/en\/wp-json\/wp\/v2\/users\/1"}],"replies":[{"embeddable":true,"href":"https:\/\/selena.eu\/en\/wp-json\/wp\/v2\/comments?post=1234"}],"version-history":[{"count":0,"href":"https:\/\/selena.eu\/en\/wp-json\/wp\/v2\/pages\/1234\/revisions"}],"wp:attachment":[{"href":"https:\/\/selena.eu\/en\/wp-json\/wp\/v2\/media?parent=1234"}],"curies":[{"name":"wp","href":"https:\/\/api.w.org\/{rel}","templated":true}]}}