{"id":1202,"date":"2025-08-04T10:51:12","date_gmt":"2025-08-04T08:51:12","guid":{"rendered":"https:\/\/selena.eu\/?page_id=1202"},"modified":"2025-08-04T10:55:20","modified_gmt":"2025-08-04T08:55:20","slug":"polityka-prywatnosci","status":"publish","type":"page","link":"https:\/\/selena.eu\/en\/polityka-prywatnosci\/","title":{"rendered":"Polityka prywatno\u015bci"},"content":{"rendered":"<div data-elementor-type=\"wp-page\" data-elementor-id=\"1202\" class=\"elementor elementor-1202\" data-elementor-post-type=\"page\">\n\t\t\t\t<div class=\"elementor-element elementor-element-708a719b e-flex e-con-boxed e-con e-parent\" data-id=\"708a719b\" data-element_type=\"container\">\n\t\t\t\t\t<div class=\"e-con-inner\">\n\t\t\t\t<div class=\"elementor-element elementor-element-4d24eefa elementor-widget elementor-widget-text-editor\" data-id=\"4d24eefa\" data-element_type=\"widget\" data-widget_type=\"text-editor.default\">\n\t\t\t\t\t\t\t\t\t<h1 data-start=\"316\" data-end=\"338\">Polityka prywatno\u015bci<\/h1><h2 data-start=\"340\" data-end=\"355\">Kim jeste\u015bmy<\/h2><p data-start=\"357\" data-end=\"419\">Adres naszej strony internetowej to: <strong data-start=\"394\" data-end=\"419\"><a class=\"\" href=\"https:\/\/selena.eu\/en\/\" target=\"_new\" rel=\"noopener\" data-start=\"396\" data-end=\"417\">https:\/\/www.selena.eu<\/a><\/strong><\/p><p data-start=\"421\" data-end=\"595\">Administratorem danych osobowych jest:<br data-start=\"459\" data-end=\"462\" \/><strong data-start=\"462\" data-end=\"489\">SELENA TECHNIKA Sp. z o.o.<\/strong><br data-start=\"489\" data-end=\"492\" \/>Adres: 37-716 Or\u0142y, ul. Krakowska 10<br data-start=\"521\" data-end=\"524\" \/>E-mail kontaktowy: info<a class=\"cursor-pointer\" rel=\"noopener\">@selena.eu<\/a><\/p><hr data-start=\"597\" data-end=\"600\" \/><h2 data-start=\"602\" data-end=\"656\">Jakie dane osobiste zbieramy i dlaczego je zbieramy<\/h2><h3 data-start=\"658\" data-end=\"683\">Formularze kontaktowe<\/h3><p data-start=\"685\" data-end=\"949\">Je\u015bli skorzystasz z formularza kontaktowego, przeka\u017cesz nam swoje dane osobowe (np. imi\u0119, nazwisko, adres e-mail, numer telefonu). Dane te s\u0105 wykorzystywane tylko w celu udzielenia odpowiedzi na zapytanie. Nie s\u0105 one przekazywane osobom trzecim bez wyra\u017anej zgody.<\/p><h3 data-start=\"951\" data-end=\"968\">Pliki cookies<\/h3><p data-start=\"970\" data-end=\"1190\">Nasza strona u\u017cywa plik\u00f3w cookies (ciasteczek), aby poprawi\u0107 komfort korzystania ze strony oraz do cel\u00f3w statystycznych i marketingowych. Szczeg\u00f3\u0142y znajdziesz w <a class=\"cursor-pointer\" target=\"_new\" rel=\"noopener\" data-start=\"1131\" data-end=\"1189\">Polityce Cookies<\/a>.<\/p><h3 data-start=\"1192\" data-end=\"1227\">Osadzone tre\u015bci z innych witryn<\/h3><p data-start=\"1229\" data-end=\"1493\">Strony w tym serwisie mog\u0105 zawiera\u0107 osadzone tre\u015bci (np. filmy z YouTube, mapy Google, itp.). Osadzone tre\u015bci z innych witryn zachowuj\u0105 si\u0119 tak, jakby u\u017cytkownik odwiedzi\u0142 bezpo\u015brednio tamt\u0105 witryn\u0119. Mog\u0105 zbiera\u0107 dane, u\u017cywa\u0107 ciasteczek i \u015bledzi\u0107 Twoj\u0105 interakcj\u0119.<\/p><h3 data-start=\"1495\" data-end=\"1516\">Analiza statystyk<\/h3><p data-start=\"1518\" data-end=\"1734\">Korzystamy z narz\u0119dzi analitycznych (np. Google Analytics), kt\u00f3re mog\u0105 zbiera\u0107 dane o Twojej aktywno\u015bci na stronie (anonimowo). Mo\u017cesz zablokowa\u0107 takie \u015bledzenie poprzez ustawienia przegl\u0105darki lub dodatkowe wtyczki.<\/p><hr data-start=\"1736\" data-end=\"1739\" \/><h2 data-start=\"1741\" data-end=\"1766\">Komu udost\u0119pniamy dane<\/h2><p data-start=\"1768\" data-end=\"2051\">Dane nie s\u0105 udost\u0119pniane innym podmiotom w celach marketingowych. Mog\u0105 by\u0107 przekazywane firmom hostingowym, dostawcom us\u0142ug IT oraz firmom zapewniaj\u0105cym obs\u0142ug\u0119 strony internetowej \u2013 wy\u0142\u0105cznie w celu realizacji us\u0142ug i na podstawie odpowiednich um\u00f3w powierzenia przetwarzania danych.<\/p><hr data-start=\"2053\" data-end=\"2056\" \/><h2 data-start=\"2058\" data-end=\"2089\">Jak d\u0142ugo przechowujemy dane<\/h2><p data-start=\"2091\" data-end=\"2345\">Dane przes\u0142ane przez formularz kontaktowy przechowujemy maksymalnie przez 12 miesi\u0119cy \u2013 tylko w celu odpowiedzi na zapytanie. Statystyki Google Analytics s\u0105 przechowywane przez czas okre\u015blony w ustawieniach narz\u0119dzi analitycznych (zazwyczaj 26 miesi\u0119cy).<\/p><hr data-start=\"2347\" data-end=\"2350\" \/><h2 data-start=\"2352\" data-end=\"2388\">Jakie masz prawa do swoich danych<\/h2><p data-start=\"2390\" data-end=\"2404\">Masz prawo do:<\/p><ul data-start=\"2405\" data-end=\"2680\"><li data-start=\"2405\" data-end=\"2432\"><p data-start=\"2407\" data-end=\"2432\">dost\u0119pu do swoich danych,<\/p><\/li><li data-start=\"2433\" data-end=\"2451\"><p data-start=\"2435\" data-end=\"2451\">ich poprawienia,<\/p><\/li><li data-start=\"2452\" data-end=\"2495\"><p data-start=\"2454\" data-end=\"2495\">usuni\u0119cia (\u201eprawo do bycia zapomnianym\u201d),<\/p><\/li><li data-start=\"2496\" data-end=\"2525\"><p data-start=\"2498\" data-end=\"2525\">ograniczenia przetwarzania,<\/p><\/li><li data-start=\"2526\" data-end=\"2569\"><p data-start=\"2528\" data-end=\"2569\">wniesienia sprzeciwu wobec przetwarzania,<\/p><\/li><li data-start=\"2570\" data-end=\"2618\"><p data-start=\"2572\" data-end=\"2618\">przeniesienia danych do innego administratora,<\/p><\/li><li data-start=\"2619\" data-end=\"2680\"><p data-start=\"2621\" data-end=\"2680\">cofni\u0119cia zgody w dowolnym momencie (je\u015bli by\u0142a udzielona).<\/p><\/li><\/ul><p data-start=\"2682\" data-end=\"2759\">W celu realizacji tych praw \u2013 napisz do nas na adres: <strong data-start=\"2736\" data-end=\"2759\">[<a class=\"cursor-pointer\" rel=\"noopener\">kontakt@selena.eu<\/a>]<\/strong><\/p><hr data-start=\"2761\" data-end=\"2764\" \/><h2 data-start=\"2766\" data-end=\"2790\">Gdzie przesy\u0142amy dane<\/h2><p data-start=\"2792\" data-end=\"3047\">Formularze kontaktowe mog\u0105 by\u0107 sprawdzane za pomoc\u0105 automatycznej us\u0142ugi wykrywania spamu, np. Google reCAPTCHA. Dane mog\u0105 by\u0107 w\u00f3wczas przekazywane do USA, ale odbywa si\u0119 to zgodnie z wymaganymi zabezpieczeniami prawnymi (np. standardowe klauzule umowne).<\/p><hr data-start=\"3049\" data-end=\"3052\" \/><h2 data-start=\"3054\" data-end=\"3077\">Informacje dodatkowe<\/h2><h3 data-start=\"3079\" data-end=\"3107\">Jak chronimy Twoje dane?<\/h3><p data-start=\"3109\" data-end=\"3266\">Stosujemy odpowiednie \u015brodki organizacyjne i techniczne \u2013 szyfrowanie po\u0142\u0105cze\u0144 (SSL), aktualizacje systemu CMS, ograniczony dost\u0119p do danych, kopie zapasowe.<\/p><h3 data-start=\"3268\" data-end=\"3323\">Jakie mamy procedury w przypadku naruszenia danych?<\/h3><p data-start=\"3325\" data-end=\"3567\">W przypadku naruszenia ochrony danych osobowych podejmiemy natychmiastowe dzia\u0142ania, poinformujemy osoby, kt\u00f3rych dane dotycz\u0105 (je\u015bli to konieczne), oraz zg\u0142osimy incydent do Prezesa Urz\u0119du Ochrony Danych Osobowych zgodnie z przepisami prawa.<\/p><hr data-start=\"3569\" data-end=\"3572\" \/><p data-start=\"3574\" data-end=\"3615\"><strong data-start=\"3574\" data-end=\"3615\">Data aktualizacji: 4 sierpnia 2025 r.<\/strong><\/p><p data-start=\"3820\" data-end=\"3854\" data-is-last-node=\"\" data-is-only-node=\"\">\u00a0<\/p>\t\t\t\t\t\t\t\t<\/div>\n\t\t\t\t\t<\/div>\n\t\t\t\t<\/div>\n\t\t\t\t<\/div>","protected":false},"excerpt":{"rendered":"<p>Polityka prywatno\u015bci Kim jeste\u015bmy Adres naszej strony internetowej to: https:\/\/www.selena.eu Administratorem danych osobowych jest:SELENA TECHNIKA Sp. z o.o.Adres: 37-716 Or\u0142y, ul. Krakowska 10E-mail kontaktowy: info@selena.eu Jakie dane osobiste zbieramy i dlaczego je zbieramy Formularze kontaktowe Je\u015bli skorzystasz z formularza kontaktowego, przeka\u017cesz nam swoje dane osobowe (np. imi\u0119, nazwisko, adres e-mail, numer telefonu). Dane te s\u0105 [&hellip;]<\/p>","protected":false},"author":1,"featured_media":0,"parent":0,"menu_order":0,"comment_status":"closed","ping_status":"closed","template":"","meta":{"_acf_changed":false,"footnotes":""},"class_list":["post-1202","page","type-page","status-publish","hentry"],"acf":[],"_links":{"self":[{"href":"https:\/\/selena.eu\/en\/wp-json\/wp\/v2\/pages\/1202","targetHints":{"allow":["GET"]}}],"collection":[{"href":"https:\/\/selena.eu\/en\/wp-json\/wp\/v2\/pages"}],"about":[{"href":"https:\/\/selena.eu\/en\/wp-json\/wp\/v2\/types\/page"}],"author":[{"embeddable":true,"href":"https:\/\/selena.eu\/en\/wp-json\/wp\/v2\/users\/1"}],"replies":[{"embeddable":true,"href":"https:\/\/selena.eu\/en\/wp-json\/wp\/v2\/comments?post=1202"}],"version-history":[{"count":0,"href":"https:\/\/selena.eu\/en\/wp-json\/wp\/v2\/pages\/1202\/revisions"}],"wp:attachment":[{"href":"https:\/\/selena.eu\/en\/wp-json\/wp\/v2\/media?parent=1202"}],"curies":[{"name":"wp","href":"https:\/\/api.w.org\/{rel}","templated":true}]}}