{"id":1193,"date":"2025-08-04T10:35:23","date_gmt":"2025-08-04T08:35:23","guid":{"rendered":"https:\/\/selena.eu\/?page_id=1193"},"modified":"2025-08-04T10:56:18","modified_gmt":"2025-08-04T08:56:18","slug":"cookies","status":"publish","type":"page","link":"https:\/\/selena.eu\/en\/cookies\/","title":{"rendered":"cookies"},"content":{"rendered":"<div data-elementor-type=\"wp-page\" data-elementor-id=\"1193\" class=\"elementor elementor-1193\" data-elementor-post-type=\"page\">\n\t\t\t\t<div class=\"elementor-element elementor-element-35cdcf6 e-flex e-con-boxed e-con e-parent\" data-id=\"35cdcf6\" data-element_type=\"container\">\n\t\t\t\t\t<div class=\"e-con-inner\">\n\t\t\t\t<div class=\"elementor-element elementor-element-460cfa1 elementor-widget elementor-widget-text-editor\" data-id=\"460cfa1\" data-element_type=\"widget\" data-widget_type=\"text-editor.default\">\n\t\t\t\t\t\t\t\t\t<h2 data-start=\"131\" data-end=\"172\">Polityka Cookies serwisu <a class=\"\" href=\"https:\/\/selena.eu\/en\/\" target=\"_new\" rel=\"noopener\" data-start=\"159\" data-end=\"172\">www.selena.eu<\/a><\/h2><h3 data-start=\"174\" data-end=\"198\">1. Informacje og\u00f3lne<\/h3><p data-start=\"200\" data-end=\"468\">Niniejsza Polityka Cookies okre\u015bla zasady przechowywania i uzyskiwania dost\u0119pu do informacji na urz\u0105dzeniach U\u017cytkownika za pomoc\u0105 plik\u00f3w cookies, s\u0142u\u017c\u0105cych do \u015bwiadczenia us\u0142ug drog\u0105 elektroniczn\u0105 przez SELENA TECHNIKA \u015aWIETLNA Sp. z o.o., z siedzib\u0105:<br \/>37-716 Or\u0142y<br \/>ul. Krakowska 10<br \/>woj. Podkarpackie.<\/p><h3 data-start=\"470\" data-end=\"499\">2. Czym s\u0105 pliki cookies?<\/h3><p data-start=\"501\" data-end=\"854\">Pliki cookies (tzw. \u201eciasteczka\u201d) to dane informatyczne, w szczeg\u00f3lno\u015bci pliki tekstowe, kt\u00f3re przechowywane s\u0105 na urz\u0105dzeniu ko\u0144cowym U\u017cytkownika i przeznaczone s\u0105 do korzystania ze stron internetowych serwisu. Cookies zazwyczaj zawieraj\u0105 nazw\u0119 strony internetowej, z kt\u00f3rej pochodz\u0105, czas przechowywania ich na urz\u0105dzeniu ko\u0144cowym oraz unikalny numer.<\/p><h3 data-start=\"856\" data-end=\"891\">3. Cele wykorzystywania cookies<\/h3><p data-start=\"893\" data-end=\"939\">U\u017cywamy plik\u00f3w cookies w nast\u0119puj\u0105cych celach:<\/p><ul data-start=\"940\" data-end=\"1245\"><li data-start=\"940\" data-end=\"985\"><p data-start=\"942\" data-end=\"985\">zapewnienia prawid\u0142owego dzia\u0142ania serwisu,<\/p><\/li><li data-start=\"986\" data-end=\"1047\"><p data-start=\"988\" data-end=\"1047\">poprawy komfortu u\u017cytkownika (np. zapami\u0119tywanie ustawie\u0144),<\/p><\/li><li data-start=\"1048\" data-end=\"1098\"><p data-start=\"1050\" data-end=\"1098\">analizy ruchu na stronie (np. Google Analytics),<\/p><\/li><li data-start=\"1099\" data-end=\"1189\"><p data-start=\"1101\" data-end=\"1189\">prowadzenia dzia\u0142a\u0144 marketingowych (np. reklamy Google, Facebook Pixel \u2013 je\u015bli dotyczy),<\/p><\/li><li data-start=\"1190\" data-end=\"1245\"><p data-start=\"1192\" data-end=\"1245\">zapewnienia bezpiecze\u0144stwa i zapobiegania nadu\u017cyciom.<\/p><\/li><\/ul><h3 data-start=\"1247\" data-end=\"1281\">4. Rodzaje stosowanych cookies<\/h3><p data-start=\"1283\" data-end=\"1347\">W ramach serwisu stosowane s\u0105 dwa g\u0142\u00f3wne rodzaje plik\u00f3w cookies:<\/p><ul data-start=\"1348\" data-end=\"1574\"><li data-start=\"1348\" data-end=\"1448\"><p data-start=\"1350\" data-end=\"1448\"><strong data-start=\"1350\" data-end=\"1361\">Sesyjne<\/strong> \u2013 tymczasowe, przechowywane do momentu opuszczenia strony lub wy\u0142\u0105czenia przegl\u0105darki,<\/p><\/li><li data-start=\"1449\" data-end=\"1574\"><p data-start=\"1451\" data-end=\"1574\"><strong data-start=\"1451\" data-end=\"1460\">Sta\u0142e<\/strong> \u2013 przechowywane przez czas okre\u015blony w parametrach plik\u00f3w cookies lub do momentu ich usuni\u0119cia przez U\u017cytkownika.<\/p><\/li><\/ul><p data-start=\"1576\" data-end=\"1608\">Pliki cookies dzielimy tak\u017ce na:<\/p><ul data-start=\"1609\" data-end=\"1916\"><li data-start=\"1609\" data-end=\"1684\"><p data-start=\"1611\" data-end=\"1684\"><strong data-start=\"1611\" data-end=\"1624\">Niezb\u0119dne<\/strong> \u2013 umo\u017cliwiaj\u0105ce korzystanie z podstawowych funkcji serwisu,<\/p><\/li><li data-start=\"1685\" data-end=\"1772\"><p data-start=\"1687\" data-end=\"1772\"><strong data-start=\"1687\" data-end=\"1702\">Analityczne<\/strong> \u2013 pomagaj\u0105 zrozumie\u0107, w jaki spos\u00f3b U\u017cytkownicy korzystaj\u0105 ze strony,<\/p><\/li><li data-start=\"1773\" data-end=\"1830\"><p data-start=\"1775\" data-end=\"1830\"><strong data-start=\"1775\" data-end=\"1791\">Funkcjonalne<\/strong> \u2013 zapami\u0119tuj\u0105 preferencje U\u017cytkownika,<\/p><\/li><li data-start=\"1831\" data-end=\"1916\"><p data-start=\"1833\" data-end=\"1916\"><strong data-start=\"1833\" data-end=\"1849\">Marketingowe<\/strong> \u2013 s\u0142u\u017c\u0105 do dostosowywania tre\u015bci reklamowych (je\u015bli s\u0105 stosowane).<\/p><\/li><\/ul><h3 data-start=\"1918\" data-end=\"1952\">5. Zarz\u0105dzanie plikami cookies<\/h3><p data-start=\"1954\" data-end=\"2266\">U\u017cytkownik mo\u017ce w ka\u017cdej chwili zmieni\u0107 ustawienia dotycz\u0105ce cookies w swojej przegl\u0105darce internetowej, w szczeg\u00f3lno\u015bci zablokowa\u0107 automatyczn\u0105 obs\u0142ug\u0119 cookies lub wymusi\u0107 informowanie o ich ka\u017cdorazowym zapisaniu na urz\u0105dzeniu. Szczeg\u00f3\u0142owe informacje dost\u0119pne s\u0105 w ustawieniach danej przegl\u0105darki internetowej.<\/p><p data-start=\"2268\" data-end=\"2376\">Wy\u0142\u0105czenie obs\u0142ugi plik\u00f3w cookies mo\u017ce wp\u0142yn\u0105\u0107 na niekt\u00f3re funkcjonalno\u015bci dost\u0119pne na stronie internetowej.<\/p><h3 data-start=\"2378\" data-end=\"2405\">6. Narz\u0119dzia zewn\u0119trzne<\/h3><p data-start=\"2407\" data-end=\"2506\">Serwis mo\u017ce korzysta\u0107 z narz\u0119dzi podmiot\u00f3w trzecich, kt\u00f3re tak\u017ce mog\u0105 zapisywa\u0107 pliki cookies, np.:<\/p><ul data-start=\"2507\" data-end=\"2648\"><li data-start=\"2507\" data-end=\"2542\"><p data-start=\"2509\" data-end=\"2542\">Google Analytics (analiza ruchu),<\/p><\/li><li data-start=\"2543\" data-end=\"2583\"><p data-start=\"2545\" data-end=\"2583\">Google Ads \/ Facebook Ads (marketing),<\/p><\/li><li data-start=\"2584\" data-end=\"2619\"><p data-start=\"2586\" data-end=\"2619\">YouTube \/ Vimeo (osadzone filmy),<\/p><\/li><li data-start=\"2620\" data-end=\"2648\"><p data-start=\"2622\" data-end=\"2648\">Mapy Google (lokalizacja).<\/p><\/li><\/ul><h3 data-start=\"2650\" data-end=\"2682\">7. Zmiany w Polityce Cookies<\/h3><p data-start=\"2684\" data-end=\"2841\">Zastrzegamy sobie prawo do wprowadzania zmian w niniejszej Polityce Cookies. Ka\u017cd\u0105 zmian\u0119 b\u0119dziemy publikowa\u0107 na tej stronie z odpowiedni\u0105 dat\u0105 aktualizacji.<\/p>\t\t\t\t\t\t\t\t<\/div>\n\t\t\t\t\t<\/div>\n\t\t\t\t<\/div>\n\t\t\t\t<\/div>","protected":false},"excerpt":{"rendered":"<p>Polityka Cookies serwisu www.selena.eu 1. Informacje og\u00f3lne Niniejsza Polityka Cookies okre\u015bla zasady przechowywania i uzyskiwania dost\u0119pu do informacji na urz\u0105dzeniach U\u017cytkownika za pomoc\u0105 plik\u00f3w cookies, s\u0142u\u017c\u0105cych do \u015bwiadczenia us\u0142ug drog\u0105 elektroniczn\u0105 przez SELENA TECHNIKA \u015aWIETLNA Sp. z o.o., z siedzib\u0105:37-716 Or\u0142yul. Krakowska 10woj. Podkarpackie. 2. Czym s\u0105 pliki cookies? Pliki cookies (tzw. \u201eciasteczka\u201d) to dane [&hellip;]<\/p>","protected":false},"author":1,"featured_media":0,"parent":0,"menu_order":0,"comment_status":"closed","ping_status":"closed","template":"","meta":{"_acf_changed":false,"footnotes":""},"class_list":["post-1193","page","type-page","status-publish","hentry"],"acf":[],"_links":{"self":[{"href":"https:\/\/selena.eu\/en\/wp-json\/wp\/v2\/pages\/1193","targetHints":{"allow":["GET"]}}],"collection":[{"href":"https:\/\/selena.eu\/en\/wp-json\/wp\/v2\/pages"}],"about":[{"href":"https:\/\/selena.eu\/en\/wp-json\/wp\/v2\/types\/page"}],"author":[{"embeddable":true,"href":"https:\/\/selena.eu\/en\/wp-json\/wp\/v2\/users\/1"}],"replies":[{"embeddable":true,"href":"https:\/\/selena.eu\/en\/wp-json\/wp\/v2\/comments?post=1193"}],"version-history":[{"count":0,"href":"https:\/\/selena.eu\/en\/wp-json\/wp\/v2\/pages\/1193\/revisions"}],"wp:attachment":[{"href":"https:\/\/selena.eu\/en\/wp-json\/wp\/v2\/media?parent=1193"}],"curies":[{"name":"wp","href":"https:\/\/api.w.org\/{rel}","templated":true}]}}