{"id":1216,"date":"2025-08-04T10:58:05","date_gmt":"2025-08-04T08:58:05","guid":{"rendered":"https:\/\/selena.eu\/?page_id=1216"},"modified":"2025-08-04T11:17:31","modified_gmt":"2025-08-04T09:17:31","slug":"nota-prawna","status":"publish","type":"page","link":"https:\/\/selena.eu\/de\/nota-prawna\/","title":{"rendered":"Nota prawna"},"content":{"rendered":"<div data-elementor-type=\"wp-page\" data-elementor-id=\"1216\" class=\"elementor elementor-1216\" data-elementor-post-type=\"page\">\n\t\t\t\t<div class=\"elementor-element elementor-element-16ee191 e-flex e-con-boxed e-con e-parent\" data-id=\"16ee191\" data-element_type=\"container\">\n\t\t\t\t\t<div class=\"e-con-inner\">\n\t\t\t\t<div class=\"elementor-element elementor-element-159aa82 elementor-widget elementor-widget-text-editor\" data-id=\"159aa82\" data-element_type=\"widget\" data-widget_type=\"text-editor.default\">\n\t\t\t\t\t\t\t\t\t<p><strong>Selena Technika \u015awietlna\u00a0 Sp. z o.o.<\/strong><br \/>ul. Krakowska 10<br \/>37-716 Or\u0142y<br \/><br \/><a class=\"link-mail\" href=\"mailto:info@selena.eu\"><span class=\"btn__label\">info@selena.eu<\/span><\/a>\u00a0<\/p><p>S\u0104D REJESTROWY: S\u0104D REJONOWY W RZESZOWIE, XII WYDZIA\u0141 GOSPODARCZY KRAJOWEGO REJESTRU S\u0104DOWEGO<br \/>KRS: 0000154175<br \/>NIP: 7951043596<\/p>\t\t\t\t\t\t\t\t<\/div>\n\t\t\t\t\t<\/div>\n\t\t\t\t<\/div>\n\t\t\t\t<\/div>","protected":false},"excerpt":{"rendered":"<p>Selena Technika \u015awietlna\u00a0 Sp. z o.o.ul. Krakowska 1037-716 Or\u0142y info@selena.eu\u00a0 S\u0104D REJESTROWY: S\u0104D REJONOWY W RZESZOWIE, XII WYDZIA\u0141 GOSPODARCZY KRAJOWEGO REJESTRU S\u0104DOWEGOKRS: 0000154175NIP: 7951043596<\/p>","protected":false},"author":1,"featured_media":0,"parent":0,"menu_order":0,"comment_status":"closed","ping_status":"closed","template":"","meta":{"_acf_changed":false,"footnotes":""},"class_list":["post-1216","page","type-page","status-publish","hentry"],"acf":[],"_links":{"self":[{"href":"https:\/\/selena.eu\/de\/wp-json\/wp\/v2\/pages\/1216","targetHints":{"allow":["GET"]}}],"collection":[{"href":"https:\/\/selena.eu\/de\/wp-json\/wp\/v2\/pages"}],"about":[{"href":"https:\/\/selena.eu\/de\/wp-json\/wp\/v2\/types\/page"}],"author":[{"embeddable":true,"href":"https:\/\/selena.eu\/de\/wp-json\/wp\/v2\/users\/1"}],"replies":[{"embeddable":true,"href":"https:\/\/selena.eu\/de\/wp-json\/wp\/v2\/comments?post=1216"}],"version-history":[{"count":0,"href":"https:\/\/selena.eu\/de\/wp-json\/wp\/v2\/pages\/1216\/revisions"}],"wp:attachment":[{"href":"https:\/\/selena.eu\/de\/wp-json\/wp\/v2\/media?parent=1216"}],"curies":[{"name":"wp","href":"https:\/\/api.w.org\/{rel}","templated":true}]}}